{"id":5911,"date":"2019-01-18T20:23:49","date_gmt":"2019-01-18T20:23:49","guid":{"rendered":"https:\/\/liguriaforyachting.com\/?page_id=5911"},"modified":"2019-01-18T20:41:34","modified_gmt":"2019-01-18T20:41:34","slug":"die-region","status":"publish","type":"page","link":"https:\/\/liguriaforyachting.com\/de\/die-region\/","title":{"rendered":"Die Region"},"content":{"rendered":"[mk_page_section bg_image=&#8220;https:\/\/liguriaforyachting.com\/wp-content\/uploads\/2018\/09\/porto-venere.jpg&#8220; attachment=&#8220;fixed&#8220; bg_position=&#8220;center center&#8220; bg_repeat=&#8220;no-repeat&#8220; bg_stretch=&#8220;true&#8220; video_color_mask=&#8220;rgba(0,0,0,0.2)&#8220; min_height=&#8220;0&#8243; full_width=&#8220;true&#8220; full_height=&#8220;true&#8220; padding_top=&#8220;0&#8243; padding_bottom=&#8220;0&#8243; skip_arrow=&#8220;true&#8220; sidebar=&#8220;sidebar-1&#8243;][vc_column][vc_empty_space height=&#8220;180px&#8220;][mk_page_title_box page_title=&#8220;Entdecken Sie die Region!&#8220; page_subtitle=&#8220;Ligurien: Eingebettet zwischen Bergen und Meer<br \/>\n\u00fcberrascht die Region im Herzen des Mittelmeers<br \/>\nmit einzigartigem Panorama.&#8220; text_align=&#8220;right&#8220; font_size=&#8220;46&#8243; title_letter_spacing=&#8220;1&#8243; font_color=&#8220;#ffffff&#8220; font_weight=&#8220;600&#8243; sub_font_size=&#8220;28&#8243; sub_font_color=&#8220;#ffffff&#8220; sub_font_weight=&#8220;600&#8243;][vc_empty_space height=&#8220;140px&#8220;][\/vc_column][\/mk_page_section][mk_page_section bg_image=&#8220;https:\/\/liguriaforyachting.com\/wp-content\/uploads\/2018\/09\/monterroso-selection-.jpg&#8220; bg_color=&#8220;#243672&#8243; border_color=&#8220;#243672&#8243; attachment=&#8220;fixed&#8220; bg_position=&#8220;center center&#8220; bg_repeat=&#8220;no-repeat&#8220; bg_stretch=&#8220;true&#8220; enable_3d=&#8220;true&#8220; video_color_mask=&#8220;rgba(0,0,0,0.2)&#8220; min_height=&#8220;0&#8243; full_width=&#8220;true&#8220; full_height=&#8220;true&#8220; padding_top=&#8220;0&#8243; padding_bottom=&#8220;0&#8243; skip_arrow=&#8220;true&#8220; animation=&#8220;bottom-to-top&#8220; sidebar=&#8220;sidebar-1&#8243;][vc_column width=&#8220;5\/12&#8243; css=&#8220;.vc_custom_1536340420376{background-color: rgba(0,0,0,0.4) !important;*background-color: rgb(0,0,0) !important;}&#8220;][mk_fancy_title tag_name=&#8220;h3&#8243; color=&#8220;#ffffff&#8220; size=&#8220;24&#8243; font_weight=&#8220;600&#8243; margin_top=&#8220;40&#8243; margin_bottom=&#8220;40&#8243; font_family=&#8220;none&#8220;]Eine Region voller Kontraste: Sandstr\u00e4nde und vom Meer benetzte Vorgebirgsz\u00fcge, malerische Ausfl\u00fcge in antike Hafend\u00f6rfer und gr\u00fcne T\u00e4ler. Atemberaubendes Panorama und geheime Fleckchen reicher Geschichte.[\/mk_fancy_title][\/vc_column][vc_column width=&#8220;7\/12&#8243;][\/vc_column][\/mk_page_section][mk_page_section bg_image=&#8220;https:\/\/liguriaforyachting.com\/wp-content\/uploads\/2018\/09\/sea_background.jpg&#8220; bg_color=&#8220;#243672&#8243; bg_repeat=&#8220;no-repeat&#8220; bg_stretch=&#8220;true&#8220; enable_3d=&#8220;true&#8220; video_color_mask=&#8220;rgba(0,0,0,0.25)&#8220; full_width=&#8220;true&#8220; full_height=&#8220;true&#8220; animation=&#8220;bottom-to-top&#8220; sidebar=&#8220;sidebar-1&#8243;][vc_column width=&#8220;1\/6&#8243;][\/vc_column][vc_column width=&#8220;2\/3&#8243;][vc_empty_space height=&#8220;80px&#8220;][mk_gallery images=&#8220;5610,5611,5612,5613,5614,5615,5616,5617,5618,5619,5620,5621,5622,5623,5624&#8243; style=&#8220;style1&#8243;][vc_empty_space height=&#8220;80px&#8220;][\/vc_column][vc_column width=&#8220;1\/6&#8243;][\/vc_column][\/mk_page_section]\n","protected":false},"excerpt":{"rendered":"<p>[mk_page_section bg_image=&#8220;https:\/\/liguriaforyachting.com\/wp-content\/uploads\/2018\/09\/porto-venere.jpg&#8220; attachment=&#8220;fixed&#8220; bg_position=&#8220;center center&#8220; bg_repeat=&#8220;no-repeat&#8220; bg_stretch=&#8220;true&#8220; video_color_mask=&#8220;rgba(0,0,0,0.2)&#8220; min_height=&#8220;0&#8243; full_width=&#8220;true&#8220; full_height=&#8220;true&#8220; padding_top=&#8220;0&#8243; padding_bottom=&#8220;0&#8243; skip_arrow=&#8220;true&#8220; sidebar=&#8220;sidebar-1&#8243;][vc_column][vc_empty_space height=&#8220;180px&#8220;][mk_page_title_box page_title=&#8220;Entdecken Sie die Region!&#8220; page_subtitle=&#8220;Ligurien: Eingebettet zwischen Bergen und Meer \u00fcberrascht die Region im Herzen des Mittelmeers mit einzigartigem Panorama.&#8220; text_align=&#8220;right&#8220; font_size=&#8220;46&#8243; title_letter_spacing=&#8220;1&#8243; font_color=&#8220;#ffffff&#8220; font_weight=&#8220;600&#8243; sub_font_size=&#8220;28&#8243; sub_font_color=&#8220;#ffffff&#8220; sub_font_weight=&#8220;600&#8243;][vc_empty_space height=&#8220;140px&#8220;][\/vc_column][\/mk_page_section][mk_page_section bg_image=&#8220;https:\/\/liguriaforyachting.com\/wp-content\/uploads\/2018\/09\/monterroso-selection-.jpg&#8220; bg_color=&#8220;#243672&#8243; border_color=&#8220;#243672&#8243; attachment=&#8220;fixed&#8220; bg_position=&#8220;center center&#8220; bg_repeat=&#8220;no-repeat&#8220; bg_stretch=&#8220;true&#8220; enable_3d=&#8220;true&#8220; video_color_mask=&#8220;rgba(0,0,0,0.2)&#8220; [&hellip;]<\/p>\n","protected":false},"author":1,"featured_media":0,"parent":0,"menu_order":0,"comment_status":"closed","ping_status":"closed","template":"","meta":[],"_links":{"self":[{"href":"https:\/\/liguriaforyachting.com\/de\/wp-json\/wp\/v2\/pages\/5911"}],"collection":[{"href":"https:\/\/liguriaforyachting.com\/de\/wp-json\/wp\/v2\/pages"}],"about":[{"href":"https:\/\/liguriaforyachting.com\/de\/wp-json\/wp\/v2\/types\/page"}],"author":[{"embeddable":true,"href":"https:\/\/liguriaforyachting.com\/de\/wp-json\/wp\/v2\/users\/1"}],"replies":[{"embeddable":true,"href":"https:\/\/liguriaforyachting.com\/de\/wp-json\/wp\/v2\/comments?post=5911"}],"version-history":[{"count":0,"href":"https:\/\/liguriaforyachting.com\/de\/wp-json\/wp\/v2\/pages\/5911\/revisions"}],"wp:attachment":[{"href":"https:\/\/liguriaforyachting.com\/de\/wp-json\/wp\/v2\/media?parent=5911"}],"curies":[{"name":"wp","href":"https:\/\/api.w.org\/{rel}","templated":true}]}}