{"id":5934,"date":"2019-01-18T20:40:43","date_gmt":"2019-01-18T20:40:43","guid":{"rendered":"https:\/\/liguriaforyachting.com\/?page_id=5934"},"modified":"2020-01-17T18:20:59","modified_gmt":"2020-01-17T18:20:59","slug":"unsere-haefen","status":"publish","type":"page","link":"https:\/\/liguriaforyachting.com\/de\/unsere-haefen\/","title":{"rendered":"Unsere H\u00e4fen"},"content":{"rendered":"[mk_page_section vertical_align=&#8220;bottom&#8220; bg_image=&#8220;https:\/\/liguriaforyachting.com\/wp-content\/uploads\/2018\/07\/yacht_ormeggi.jpg&#8220; attachment=&#8220;fixed&#8220; bg_position=&#8220;center top&#8220; bg_repeat=&#8220;no-repeat&#8220; bg_stretch=&#8220;true&#8220; enable_3d=&#8220;true&#8220; video_color_mask=&#8220;rgba(0,0,0,0.3)&#8220; video_opacity=&#8220;0.3&#8243; min_height=&#8220;600&#8243; full_width=&#8220;true&#8220; js_vertical_centered=&#8220;true&#8220; padding_top=&#8220;0&#8243; padding_bottom=&#8220;0&#8243; sidebar=&#8220;sidebar-1&#8243;][vc_column][mk_page_title_box page_title=&#8220;Entdecken Sie unsere H\u00e4fen&#8220; text_align=&#8220;left&#8220; title_letter_spacing=&#8220;0&#8243; font_color=&#8220;#ffffff&#8220; font_weight=&#8220;600&#8243; underline=&#8220;false&#8220;][\/vc_column][\/mk_page_section][vc_row][vc_column width=&#8220;1\/2&#8243;][vc_empty_space height=&#8220;50px&#8220;][mk_fancy_title size=&#8220;40&#8243; font_family=&#8220;none&#8220;]Herzlich Willkommen in Ligurien[\/mk_fancy_title][vc_column_text css=&#8220;.vc_custom_1547848269715{margin-bottom: 0px !important;}&#8220;]<strong>Liguria for Yachting<\/strong> hei\u00dft das neue Netzwerk, das die wichtigsten H\u00e4fen unserer Region vereint: Marina di Loano, Marina Genova, Marina Porto Antico, Marina Molo Vecchio und Porto Lotti.<\/p>\n<p>Insgesamt bieten die Netzwerk-H\u00e4fen \u00fcber 2.400 Anlegepl\u00e4tze und garantieren h\u00f6chste Standards an technischen und logistischen Dienstleistungen rundum die Seefahrt.[\/vc_column_text][vc_empty_space height=&#8220;50px&#8220;][\/vc_column][vc_column width=&#8220;1\/2&#8243;][vc_empty_space height=&#8220;50px&#8220;][vc_video link=&#8220;https:\/\/vimeo.com\/385533424&#8243;][vc_empty_space height=&#8220;50px&#8220;][\/vc_column][\/vc_row][mk_page_section bg_image=&#8220;https:\/\/liguriaforyachting.com\/wp-content\/uploads\/2018\/09\/marina-loano-discover.jpg&#8220; attachment=&#8220;fixed&#8220; bg_position=&#8220;center bottom&#8220; bg_repeat=&#8220;no-repeat&#8220; bg_stretch=&#8220;true&#8220; min_height=&#8220;450&#8243; full_width=&#8220;true&#8220; js_vertical_centered=&#8220;true&#8220; padding_top=&#8220;0&#8243; padding_bottom=&#8220;0&#8243; section_id=&#8220;loano&#8220; sidebar=&#8220;sidebar-1&#8243;][vc_column width=&#8220;1\/3&#8243; css=&#8220;.vc_custom_1534784755964{background-color: #243672 !important;}&#8220;][mk_padding_divider size=&#8220;60&#8243;][mk_fancy_title tag_name=&#8220;h3&#8243; color=&#8220;#ffffff&#8220; size=&#8220;30&#8243; margin_bottom=&#8220;0&#8243; font_family=&#8220;none&#8220; align=&#8220;center&#8220;]Marina di Loano[\/mk_fancy_title][mk_padding_divider size=&#8220;20&#8243;][mk_fancy_title tag_name=&#8220;span&#8220; color=&#8220;#ffffff&#8220; font_family=&#8220;none&#8220; align=&#8220;center&#8220;]Lungomare Nazario Sauro 12\/1, &#8211; 17025 &#8211; Loano (SV) ITALY<br \/>\nTel.: <a href=\"tel:+39019675445\">+39 019 675 445<\/a> &#8211; <a href=\"tel:+393666378372\">+39 366 6378 372<\/a> &#8211; VHF\u00a0Kanal 9<br \/>\nE-mail: info@marinadiloano.it<br \/>\nWebsite: <a href=\"http:\/\/www.marinadiloano.it\/\" target=\"_blank\" rel=\"noopener noreferrer\">www.marinadiloano.it<\/a>[\/mk_fancy_title][mk_padding_divider size=&#8220;60&#8243;][\/vc_column][vc_column width=&#8220;2\/3&#8243;][\/vc_column][\/mk_page_section][vc_row][vc_column width=&#8220;1\/3&#8243;][vc_empty_space height=&#8220;80px&#8220;][vc_column_text css=&#8220;.vc_custom_1547848477416{margin-bottom: 0px !important;}&#8220;]Neben den sch\u00f6nsten Sonnenunterg\u00e4ngen bietet Marina di Loano \u2013 im Westen Liguriens \u2013 alle Serviceleistungen eines Resorts und die Gelegenheit, ganzj\u00e4hrig die einzigartige Atmosph\u00e4re des Meeres zu genie\u00dfen.[\/vc_column_text][\/vc_column][vc_column width=&#8220;2\/3&#8243;][vc_empty_space height=&#8220;80px&#8220;][vc_single_image image=&#8220;5868&#8243; img_size=&#8220;full&#8220; alignment=&#8220;center&#8220;][vc_row_inner][vc_column_inner width=&#8220;1\/3&#8243;][mk_custom_list style=&#8220;mk-icon-anchor&#8220; margin_bottom=&#8220;15&#8243; align=&#8220;left&#8220;]\n<ul>\n<li><strong>Anzahl der Liegepl\u00e4tze:<\/strong> 980<\/li>\n<li><strong>L\u00e4nge:<\/strong> Min 8m \u2013 Max 82m<\/li>\n<li><strong>Max. Tiefgang:<\/strong> 5m<\/li>\n<li><strong>Wasseranschluss:<\/strong> Ja<\/li>\n<\/ul>\n[\/mk_custom_list][\/vc_column_inner][vc_column_inner width=&#8220;1\/3&#8243;][mk_custom_list style=&#8220;mk-icon-anchor&#8220; margin_bottom=&#8220;15&#8243; align=&#8220;left&#8220;]\n<ul>\n<li><strong>Stromversorgung:<\/strong> Bis 400 Ampere<\/li>\n<li><strong>Parkplatz:<\/strong> Ja<\/li>\n<li><strong>Wifi:<\/strong> Ja<\/li>\n<li><strong>Schiffs-Tankstelle:<\/strong> Ja<\/li>\n<\/ul>\n[\/mk_custom_list][\/vc_column_inner][vc_column_inner width=&#8220;1\/3&#8243;][mk_custom_list style=&#8220;mk-icon-anchor&#8220; margin_bottom=&#8220;15&#8243; align=&#8220;left&#8220;]\n<ul>\n<li><strong>Abfallentsorgung:<\/strong> Ja<\/li>\n<li><strong>Sicherheitsdienst:<\/strong> Ja<\/li>\n<li><strong>Wetterdienst:<\/strong> Ja<\/li>\n<li><strong>Yacht-Ausr\u00fcster:<\/strong> Ja<\/li>\n<\/ul>\n[\/mk_custom_list][\/vc_column_inner][\/vc_row_inner][\/vc_column][\/vc_row][vc_row][vc_column][vc_empty_space height=&#8220;80px&#8220;][\/vc_column][\/vc_row][mk_page_section bg_image=&#8220;https:\/\/liguriaforyachting.com\/wp-content\/uploads\/2018\/09\/marina-genova-discover.jpg&#8220; bg_image_portrait=&#8220;https:\/\/liguriaforyachting.com\/wp-content\/uploads\/2018\/08\/marina-genova-vista.jpg&#8220; attachment=&#8220;fixed&#8220; bg_position=&#8220;center bottom&#8220; bg_repeat=&#8220;no-repeat&#8220; bg_stretch=&#8220;true&#8220; min_height=&#8220;450&#8243; full_width=&#8220;true&#8220; js_vertical_centered=&#8220;true&#8220; padding_top=&#8220;0&#8243; padding_bottom=&#8220;0&#8243; section_id=&#8220;genova&#8220; sidebar=&#8220;sidebar-1&#8243;][vc_column width=&#8220;1\/3&#8243; css=&#8220;.vc_custom_1534784755964{background-color: #243672 !important;}&#8220;][mk_padding_divider size=&#8220;60&#8243;][mk_fancy_title tag_name=&#8220;h3&#8243; color=&#8220;#ffffff&#8220; size=&#8220;30&#8243; margin_bottom=&#8220;0&#8243; font_family=&#8220;none&#8220; align=&#8220;center&#8220;]Marina Genova[\/mk_fancy_title][mk_padding_divider size=&#8220;20&#8243;][mk_fancy_title tag_name=&#8220;span&#8220; color=&#8220;#ffffff&#8220; font_family=&#8220;none&#8220; align=&#8220;center&#8220;]Via Pionieri e Aviatori d\u2019Italia 203 &#8211; 16154 Genova ITALY<br \/>\nTel.: <a href=\"tel:+390106143420\">+39 010 6143420<\/a> &#8211; VHF Kanal 71<br \/>\nE-mail: hospitalitydesk@marinagenova.it<br \/>\nWebsite: <a href=\"https:\/\/www.marinagenova.it\/it-it\/\" target=\"_blank\" rel=\"noopener noreferrer\">www.marinagenova.it<\/a>[\/mk_fancy_title][mk_padding_divider size=&#8220;60&#8243;][\/vc_column][vc_column width=&#8220;2\/3&#8243;][\/vc_column][\/mk_page_section][vc_row][vc_column width=&#8220;1\/3&#8243;][vc_empty_space height=&#8220;80px&#8220;][vc_column_text css=&#8220;.vc_custom_1547852389499{margin-bottom: 0px !important;}&#8220;]Marina Genova ist eine der modernsten Anlagen des Bootssports und wurde erst k\u00fcrzlich mit voller Punktzahl als MaRINA Excellence ausgezeichnet sowie als 24 plus und 50gold zertifiziert.[\/vc_column_text][\/vc_column][vc_column width=&#8220;2\/3&#8243;][vc_empty_space height=&#8220;80px&#8220;][vc_single_image image=&#8220;5868&#8243; img_size=&#8220;full&#8220; alignment=&#8220;center&#8220;][vc_row_inner][vc_column_inner width=&#8220;1\/3&#8243;][mk_custom_list style=&#8220;mk-icon-anchor&#8220; margin_bottom=&#8220;15&#8243; align=&#8220;left&#8220;]\n<ul>\n<li><strong>Anzahl der Liegepl\u00e4tze:<\/strong> 500<\/li>\n<li><strong>L\u00e4nge:<\/strong> Min 8m \u2013 Max 130m<\/li>\n<li><strong>Max. Tiefgang:<\/strong> 15 m<\/li>\n<li><strong>Wasseranschluss:<\/strong> Ja<\/li>\n<\/ul>\n[\/mk_custom_list][\/vc_column_inner][vc_column_inner width=&#8220;1\/3&#8243;][mk_custom_list style=&#8220;mk-icon-anchor&#8220; margin_bottom=&#8220;15&#8243; align=&#8220;left&#8220;]\n<ul>\n<li><strong>Stromversorgung:<\/strong> Bis 600 Ampere<\/li>\n<li><strong>Parkplatz:<\/strong> Ja<\/li>\n<li><strong>Wifi:<\/strong> Ja<\/li>\n<li><strong>Schiffs-Tankstelle:<\/strong> Ja<\/li>\n<\/ul>\n[\/mk_custom_list][\/vc_column_inner][vc_column_inner width=&#8220;1\/3&#8243;][mk_custom_list style=&#8220;mk-icon-anchor&#8220; margin_bottom=&#8220;15&#8243; align=&#8220;left&#8220;]\n<ul>\n<li><strong>Abfallentsorgung:<\/strong> Ja<\/li>\n<li><strong>Sicherheitsdienst:<\/strong> Ja<\/li>\n<li><strong>Wetterdienst:<\/strong> Ja<\/li>\n<li><strong>Yacht-Ausr\u00fcster:<\/strong> Ja<\/li>\n<\/ul>\n[\/mk_custom_list][\/vc_column_inner][\/vc_row_inner][\/vc_column][\/vc_row][vc_row][vc_column][vc_empty_space height=&#8220;80px&#8220;][\/vc_column][\/vc_row][mk_page_section bg_image=&#8220;https:\/\/liguriaforyachting.com\/wp-content\/uploads\/2018\/09\/marina-porto-antico-discover.jpg&#8220; attachment=&#8220;fixed&#8220; bg_position=&#8220;center bottom&#8220; bg_repeat=&#8220;no-repeat&#8220; bg_stretch=&#8220;true&#8220; min_height=&#8220;450&#8243; full_width=&#8220;true&#8220; js_vertical_centered=&#8220;true&#8220; padding_top=&#8220;0&#8243; padding_bottom=&#8220;0&#8243; section_id=&#8220;porto-antico&#8220; sidebar=&#8220;sidebar-1&#8243;][vc_column width=&#8220;1\/3&#8243; css=&#8220;.vc_custom_1534784755964{background-color: #243672 !important;}&#8220;][mk_padding_divider size=&#8220;60&#8243;][mk_fancy_title tag_name=&#8220;h3&#8243; color=&#8220;#ffffff&#8220; size=&#8220;30&#8243; margin_bottom=&#8220;0&#8243; font_family=&#8220;none&#8220; align=&#8220;center&#8220;]Marina Porto Antico[\/mk_fancy_title][mk_padding_divider size=&#8220;20&#8243;][mk_fancy_title tag_name=&#8220;span&#8220; color=&#8220;#ffffff&#8220; font_family=&#8220;none&#8220; align=&#8220;center&#8220;]Molo Ponte Morosini, 21 &#8211; 16126 Genova ITALY<br \/>\nTel.: <a href=\"tel:+390102470039\">+39 010 2470039<\/a> &#8211; VHF Kanal 74<br \/>\nE-mail: porto@marinaportoantico.it<br \/>\nWebsite: <a href=\"http:\/\/www.marinaportoantico.it\/\" target=\"_blank\" rel=\"noopener noreferrer\">www.marinaportoantico.it<\/a>[\/mk_fancy_title][mk_padding_divider size=&#8220;60&#8243;][\/vc_column][vc_column width=&#8220;2\/3&#8243;][\/vc_column][\/mk_page_section][vc_row][vc_column width=&#8220;1\/3&#8243;][vc_empty_space height=&#8220;80px&#8220;][vc_column_text css=&#8220;.vc_custom_1547853785241{margin-bottom: 0px !important;}&#8220;]Der kleine touristische Hafen von Marina Porto Antico ist der ideale Ort; sowohl f\u00fcr einen Kurzaufenthalt auf der Durchreise, als auch f\u00fcr diejenigen, die \u2013 ganzj\u00e4hrig \u2013 auf der Suche nach einem sicheren Ankerplatz f\u00fcr ihre Yacht sind.<\/p>\n<p>Dank seiner extrem gesch\u00fctzten Lage im Innern des Hafen von Genua, bietet dieser kleine Hafen Sicherheit und Komfortleistungen, die in Ligurien ihresgleichen suchen.[\/vc_column_text][\/vc_column][vc_column width=&#8220;2\/3&#8243;][vc_empty_space height=&#8220;80px&#8220;][vc_single_image image=&#8220;5868&#8243; img_size=&#8220;full&#8220; alignment=&#8220;center&#8220;][vc_row_inner][vc_column_inner width=&#8220;1\/3&#8243;][mk_custom_list style=&#8220;mk-icon-anchor&#8220; margin_bottom=&#8220;15&#8243; align=&#8220;left&#8220;]\n<ul>\n<li><strong>Anzahl der Liegepl\u00e4tze:<\/strong> 270<\/li>\n<li><strong>L\u00e4nge:<\/strong> Min 10m \u2013 Max 75m<\/li>\n<li><strong>Max. Tiefgang:<\/strong> 7 m<\/li>\n<li><strong>Wasseranschluss:<\/strong> S\u00ec<\/li>\n<\/ul>\n[\/mk_custom_list][\/vc_column_inner][vc_column_inner width=&#8220;1\/3&#8243;][mk_custom_list style=&#8220;mk-icon-anchor&#8220; margin_bottom=&#8220;15&#8243; align=&#8220;left&#8220;]\n<ul>\n<li><strong>Stromversorgung:<\/strong> Bis 400 Ampere<\/li>\n<li><strong>Parkplatz:<\/strong> Ja<\/li>\n<li><strong>Wifi:<\/strong> Ja<\/li>\n<li><strong>Schiffs-Tankstelle:<\/strong> Ja<\/li>\n<\/ul>\n[\/mk_custom_list][\/vc_column_inner][vc_column_inner width=&#8220;1\/3&#8243;][mk_custom_list style=&#8220;mk-icon-anchor&#8220; margin_bottom=&#8220;15&#8243; align=&#8220;left&#8220;]\n<ul>\n<li><strong>Abfallentsorgung: <\/strong>Sonderm\u00fcll und sonst. Abf\u00e4lle<\/li>\n<li><strong>Sicherheitsdienst:<\/strong> Nachtwache und Video\u00fcberwachung<\/li>\n<li><strong>Wetterdienst:<\/strong> 24-Stunden-Dienst<\/li>\n<li><strong>Yacht-Ausr\u00fcster:<\/strong> Ja<\/li>\n<\/ul>\n[\/mk_custom_list][\/vc_column_inner][\/vc_row_inner][\/vc_column][\/vc_row][vc_row][vc_column][vc_empty_space height=&#8220;80px&#8220;][\/vc_column][\/vc_row][mk_page_section bg_image=&#8220;https:\/\/liguriaforyachting.com\/wp-content\/uploads\/2018\/09\/marina-molo-vecchio-discover.jpg&#8220; attachment=&#8220;fixed&#8220; bg_position=&#8220;center bottom&#8220; bg_repeat=&#8220;no-repeat&#8220; bg_stretch=&#8220;true&#8220; min_height=&#8220;450&#8243; full_width=&#8220;true&#8220; js_vertical_centered=&#8220;true&#8220; padding_top=&#8220;0&#8243; padding_bottom=&#8220;0&#8243; section_id=&#8220;mmv&#8220; sidebar=&#8220;sidebar-1&#8243;][vc_column width=&#8220;1\/3&#8243; css=&#8220;.vc_custom_1534784755964{background-color: #243672 !important;}&#8220;][mk_padding_divider size=&#8220;60&#8243;][mk_fancy_title tag_name=&#8220;h3&#8243; color=&#8220;#ffffff&#8220; size=&#8220;30&#8243; margin_bottom=&#8220;0&#8243; font_family=&#8220;none&#8220; align=&#8220;center&#8220;]Marina Molo Vecchio[\/mk_fancy_title][mk_padding_divider size=&#8220;20&#8243;][mk_fancy_title tag_name=&#8220;span&#8220; color=&#8220;#ffffff&#8220; font_family=&#8220;none&#8220; align=&#8220;center&#8220;]Calata Molo Vecchio, Mod. 3 &#8211; 16128 Genova, ITALY<br \/>\nTel.: <a href=\"tel:+3901027011\">+39 010 27011<\/a> &#8211; VHF Kanal 71<br \/>\nE-mail: mmv@mmv.it<br \/>\nWebsite: <a href=\"http:\/\/www.mmv.it\/\" target=\"_blank\" rel=\"noopener noreferrer\">www.mmv.it<\/a>[\/mk_fancy_title][mk_padding_divider size=&#8220;60&#8243;][\/vc_column][vc_column width=&#8220;2\/3&#8243;][\/vc_column][\/mk_page_section][vc_row][vc_column width=&#8220;1\/3&#8243;][vc_empty_space height=&#8220;80px&#8220;][vc_column_text css=&#8220;.vc_custom_1547853809946{margin-bottom: 0px !important;}&#8220;]Marina Molo Vecchio liegt eingebettet in der bezaubernden Altstadt Genuas. Die gesch\u00fctzte Lage sorgt f\u00fcr Sicherheit zu jeder Jahreszeit, sowohl f\u00fcr kurze Aufenthalte als auch als Langzeit-Bootsliegeplatz.[\/vc_column_text][\/vc_column][vc_column width=&#8220;2\/3&#8243;][vc_empty_space height=&#8220;80px&#8220;][vc_single_image image=&#8220;5868&#8243; img_size=&#8220;full&#8220; alignment=&#8220;center&#8220;][vc_row_inner][vc_column_inner width=&#8220;1\/3&#8243;][mk_custom_list style=&#8220;mk-icon-anchor&#8220; margin_bottom=&#8220;15&#8243; align=&#8220;left&#8220;]\n<ul>\n<li><strong>Anzahl der Liegepl\u00e4tze:<\/strong> 160<\/li>\n<li><strong>L\u00e4nge:<\/strong> Min 5m \u2013 Max 150m<\/li>\n<li><strong>Max. Tiefgang:<\/strong> 6 &#8211; 9m<\/li>\n<li><strong>Acqua:<\/strong> S\u00ec<\/li>\n<\/ul>\n[\/mk_custom_list][\/vc_column_inner][vc_column_inner width=&#8220;1\/3&#8243;][mk_custom_list style=&#8220;mk-icon-anchor&#8220; margin_bottom=&#8220;15&#8243; align=&#8220;left&#8220;]\n<ul>\n<li><strong>Stromversorgung:<\/strong> 50 Herz, 220\/380V, 16 &#8211; 600 A<\/li>\n<li><strong>Parkplatz:<\/strong> Gratis f\u00fcr Boote \u00fcber 10m<\/li>\n<li><strong>Wifi:<\/strong> Gratis f\u00fcr alle Kunden<\/li>\n<li><strong>Schiffs-Tankstelle: <\/strong>neben dem Hafen<\/li>\n<\/ul>\n[\/mk_custom_list][\/vc_column_inner][vc_column_inner width=&#8220;1\/3&#8243;][mk_custom_list style=&#8220;mk-icon-anchor&#8220; margin_bottom=&#8220;15&#8243; align=&#8220;left&#8220;]\n<ul>\n<li><strong>Smaltimento rifiuti:<\/strong> S\u00ec<\/li>\n<li><strong>Sorveglianza:<\/strong> S\u00ec<\/li>\n<li><strong>Servizio meteo:<\/strong> S\u00ec<\/li>\n<li><strong>Yacht Chandlery:<\/strong> S\u00ec<\/li>\n<\/ul>\n[\/mk_custom_list][\/vc_column_inner][\/vc_row_inner][\/vc_column][\/vc_row][vc_row][vc_column][vc_empty_space height=&#8220;80px&#8220;][\/vc_column][\/vc_row][mk_page_section bg_image=&#8220;https:\/\/liguriaforyachting.com\/wp-content\/uploads\/2018\/09\/porto-lotti-discover.jpg&#8220; attachment=&#8220;fixed&#8220; bg_position=&#8220;center bottom&#8220; bg_repeat=&#8220;no-repeat&#8220; bg_stretch=&#8220;true&#8220; min_height=&#8220;450&#8243; full_width=&#8220;true&#8220; js_vertical_centered=&#8220;true&#8220; padding_top=&#8220;0&#8243; padding_bottom=&#8220;0&#8243; section_id=&#8220;lotti&#8220; sidebar=&#8220;sidebar-1&#8243;][vc_column width=&#8220;1\/3&#8243; css=&#8220;.vc_custom_1534784755964{background-color: #243672 !important;}&#8220;][mk_padding_divider size=&#8220;60&#8243;][mk_fancy_title tag_name=&#8220;h3&#8243; color=&#8220;#ffffff&#8220; size=&#8220;30&#8243; margin_bottom=&#8220;0&#8243; font_family=&#8220;none&#8220; align=&#8220;center&#8220;]Porto Lotti[\/mk_fancy_title][mk_padding_divider size=&#8220;20&#8243;][mk_fancy_title tag_name=&#8220;span&#8220; color=&#8220;#ffffff&#8220; font_family=&#8220;none&#8220; align=&#8220;center&#8220;]Viale San Bartolomeo, 394 &#8211; 19126 La Spezia, ITALY<br \/>\nTel.: <a href=\"tel:+390187532200\">+39 0187 532200<\/a> &#8211; VHF Kanal 9<br \/>\nE-mail: ufficioporto@portolotti.it<br \/>\nWebsite: <a href=\"https:\/\/www.portolotti.it\/it\/40\/Default.aspx\" target=\"_blank\" rel=\"noopener noreferrer\">www.portolotti.it<\/a>[\/mk_fancy_title][mk_padding_divider size=&#8220;60&#8243;][\/vc_column][vc_column width=&#8220;2\/3&#8243;][\/vc_column][\/mk_page_section][vc_row][vc_column width=&#8220;1\/3&#8243;][vc_empty_space height=&#8220;80px&#8220;][vc_column_text css=&#8220;.vc_custom_1547853853252{margin-bottom: 0px !important;}&#8220;]Im Innern des atemberaubenden \u201cGolfes der Poeten\u201d, dem Golf von La Spezia, gegen\u00fcber von Portovenere, den Inseln Palmaria und Tino, liegt der Hafen Porto Lotti. Dank seiner Vielzahl an Service-Angeboten erf\u00fcllt er alle Erwartungen und l\u00e4sst keine W\u00fcnsche offen.[\/vc_column_text][\/vc_column][vc_column width=&#8220;2\/3&#8243;][vc_empty_space height=&#8220;80px&#8220;][vc_single_image image=&#8220;5868&#8243; img_size=&#8220;full&#8220; alignment=&#8220;center&#8220;][vc_row_inner][vc_column_inner width=&#8220;1\/3&#8243;][mk_custom_list style=&#8220;mk-icon-anchor&#8220; margin_bottom=&#8220;15&#8243; align=&#8220;left&#8220;]\n<ul>\n<li><strong>Anzahl der Liegepl\u00e4tze:<\/strong> 500<\/li>\n<li><strong>L\u00e4nge:<\/strong> Min 12m \u2013 Max 100m<\/li>\n<li><strong>Max. Tiefgang:<\/strong> 9m<\/li>\n<li><strong>Wasseranschluss:<\/strong> Ja<\/li>\n<\/ul>\n[\/mk_custom_list][\/vc_column_inner][vc_column_inner width=&#8220;1\/3&#8243;][mk_custom_list style=&#8220;mk-icon-anchor&#8220; margin_bottom=&#8220;15&#8243; align=&#8220;left&#8220;]\n<ul>\n<li><strong>Stromversorgung:<\/strong> 50 Herz, 220\/380V, 16 &#8211; 600 A<\/li>\n<li><strong>Parkplatz:<\/strong> Ja<\/li>\n<li><strong>Wifi:<\/strong> Ja<\/li>\n<li><strong>Schiffs-Tankstelle:<\/strong> Ja<\/li>\n<\/ul>\n[\/mk_custom_list][\/vc_column_inner][vc_column_inner width=&#8220;1\/3&#8243;][mk_custom_list style=&#8220;mk-icon-anchor&#8220; margin_bottom=&#8220;15&#8243; align=&#8220;left&#8220;]\n<ul>\n<li><strong>Abfallentsorgung:<\/strong> Ja<\/li>\n<li><strong>Sicherheitsdienst:<\/strong> Ja<\/li>\n<li><strong>Wetterdienst:<\/strong> Ja<\/li>\n<li><strong>Yacht-Ausr\u00fcster:<\/strong> Ja<\/li>\n<\/ul>\n[\/mk_custom_list][\/vc_column_inner][\/vc_row_inner][\/vc_column][\/vc_row][vc_row][vc_column][vc_empty_space height=&#8220;80px&#8220;][\/vc_column][\/vc_row]\n","protected":false},"excerpt":{"rendered":"<p>[mk_page_section vertical_align=&#8220;bottom&#8220; bg_image=&#8220;https:\/\/liguriaforyachting.com\/wp-content\/uploads\/2018\/07\/yacht_ormeggi.jpg&#8220; attachment=&#8220;fixed&#8220; bg_position=&#8220;center top&#8220; bg_repeat=&#8220;no-repeat&#8220; bg_stretch=&#8220;true&#8220; enable_3d=&#8220;true&#8220; video_color_mask=&#8220;rgba(0,0,0,0.3)&#8220; video_opacity=&#8220;0.3&#8243; min_height=&#8220;600&#8243; full_width=&#8220;true&#8220; js_vertical_centered=&#8220;true&#8220; padding_top=&#8220;0&#8243; padding_bottom=&#8220;0&#8243; sidebar=&#8220;sidebar-1&#8243;][vc_column][mk_page_title_box page_title=&#8220;Entdecken Sie unsere H\u00e4fen&#8220; text_align=&#8220;left&#8220; title_letter_spacing=&#8220;0&#8243; font_color=&#8220;#ffffff&#8220; font_weight=&#8220;600&#8243; underline=&#8220;false&#8220;][\/vc_column][\/mk_page_section][vc_row][vc_column width=&#8220;1\/2&#8243;][vc_empty_space height=&#8220;50px&#8220;][mk_fancy_title size=&#8220;40&#8243; font_family=&#8220;none&#8220;]Herzlich Willkommen in Ligurien[\/mk_fancy_title][vc_column_text css=&#8220;.vc_custom_1547848269715{margin-bottom: 0px !important;}&#8220;]Liguria for Yachting hei\u00dft das neue Netzwerk, das die wichtigsten H\u00e4fen unserer Region vereint: Marina di Loano, Marina Genova, Marina [&hellip;]<\/p>\n","protected":false},"author":1,"featured_media":0,"parent":0,"menu_order":0,"comment_status":"closed","ping_status":"closed","template":"","meta":[],"_links":{"self":[{"href":"https:\/\/liguriaforyachting.com\/de\/wp-json\/wp\/v2\/pages\/5934"}],"collection":[{"href":"https:\/\/liguriaforyachting.com\/de\/wp-json\/wp\/v2\/pages"}],"about":[{"href":"https:\/\/liguriaforyachting.com\/de\/wp-json\/wp\/v2\/types\/page"}],"author":[{"embeddable":true,"href":"https:\/\/liguriaforyachting.com\/de\/wp-json\/wp\/v2\/users\/1"}],"replies":[{"embeddable":true,"href":"https:\/\/liguriaforyachting.com\/de\/wp-json\/wp\/v2\/comments?post=5934"}],"version-history":[{"count":2,"href":"https:\/\/liguriaforyachting.com\/de\/wp-json\/wp\/v2\/pages\/5934\/revisions"}],"predecessor-version":[{"id":5988,"href":"https:\/\/liguriaforyachting.com\/de\/wp-json\/wp\/v2\/pages\/5934\/revisions\/5988"}],"wp:attachment":[{"href":"https:\/\/liguriaforyachting.com\/de\/wp-json\/wp\/v2\/media?parent=5934"}],"curies":[{"name":"wp","href":"https:\/\/api.w.org\/{rel}","templated":true}]}}