{"id":5783,"date":"2018-09-11T00:54:53","date_gmt":"2018-09-10T23:54:53","guid":{"rendered":"https:\/\/liguriaforyachting.com\/?page_id=5783"},"modified":"2020-01-17T18:19:16","modified_gmt":"2020-01-17T18:19:16","slug":"ports-de-plaisance","status":"publish","type":"page","link":"https:\/\/liguriaforyachting.com\/fr\/ports-de-plaisance\/","title":{"rendered":"Nos ports de plaisance"},"content":{"rendered":"[mk_page_section vertical_align=\u00a0\u00bbbottom\u00a0\u00bb bg_image=\u00a0\u00bbhttps:\/\/liguriaforyachting.com\/wp-content\/uploads\/2018\/07\/yacht_ormeggi.jpg\u00a0\u00bb attachment=\u00a0\u00bbfixed\u00a0\u00bb bg_position=\u00a0\u00bbcenter top\u00a0\u00bb bg_repeat=\u00a0\u00bbno-repeat\u00a0\u00bb bg_stretch=\u00a0\u00bbtrue\u00a0\u00bb enable_3d=\u00a0\u00bbtrue\u00a0\u00bb video_color_mask=\u00a0\u00bbrgba(0,0,0,0.3)\u00a0\u00bb video_opacity=\u00a0\u00bb0.3&Prime; min_height=\u00a0\u00bb600&Prime; full_width=\u00a0\u00bbtrue\u00a0\u00bb js_vertical_centered=\u00a0\u00bbtrue\u00a0\u00bb padding_top=\u00a0\u00bb0&Prime; padding_bottom=\u00a0\u00bb0&Prime; sidebar=\u00a0\u00bbsidebar-1&Prime;][vc_column][mk_page_title_box page_title=\u00a0\u00bbNos ports de plaisance\u00a0\u00bb text_align=\u00a0\u00bbleft\u00a0\u00bb title_letter_spacing=\u00a0\u00bb0&Prime; font_color=\u00a0\u00bb#ffffff\u00a0\u00bb font_weight=\u00a0\u00bb600&Prime; underline=\u00a0\u00bbfalse\u00a0\u00bb][\/vc_column][\/mk_page_section][vc_row][vc_column width=\u00a0\u00bb1\/2&Prime;][vc_empty_space height=\u00a0\u00bb50px\u00a0\u00bb][mk_fancy_title size=\u00a0\u00bb40&Prime; font_family=\u00a0\u00bbnone\u00a0\u00bb]Bienvenue en Ligurie[\/mk_fancy_title][vc_column_text css=\u00a0\u00bb.vc_custom_1536630886713{margin-bottom: 0px !important;}\u00a0\u00bb]<strong>Liguria For Yachting<\/strong> est le nouveau r\u00e9seau qui regroupe certains des ports de plaisance les plus importants de notre r\u00e9gion : Marina di Loano, Marina G\u00eanes, Marina Porto Antico, Marina Molo Vecchio et Porto Lotti.<\/p>\n<p>Les ports de plaisance de Liguria for Yachting comptent plus de 2400 places et garantissent un haut niveau de services nautiques, techniques et logistiques.[\/vc_column_text][vc_empty_space height=\u00a0\u00bb50px\u00a0\u00bb][\/vc_column][vc_column width=\u00a0\u00bb1\/2&Prime;][vc_empty_space height=\u00a0\u00bb50px\u00a0\u00bb][vc_video link=\u00a0\u00bbhttps:\/\/vimeo.com\/385533424&Prime;][vc_empty_space height=\u00a0\u00bb50px\u00a0\u00bb][\/vc_column][\/vc_row][mk_page_section bg_image=\u00a0\u00bbhttps:\/\/liguriaforyachting.com\/wp-content\/uploads\/2018\/09\/marina-loano-discover.jpg\u00a0\u00bb attachment=\u00a0\u00bbfixed\u00a0\u00bb bg_position=\u00a0\u00bbcenter bottom\u00a0\u00bb bg_repeat=\u00a0\u00bbno-repeat\u00a0\u00bb bg_stretch=\u00a0\u00bbtrue\u00a0\u00bb min_height=\u00a0\u00bb450&Prime; full_width=\u00a0\u00bbtrue\u00a0\u00bb js_vertical_centered=\u00a0\u00bbtrue\u00a0\u00bb padding_top=\u00a0\u00bb0&Prime; padding_bottom=\u00a0\u00bb0&Prime; section_id=\u00a0\u00bbloano\u00a0\u00bb sidebar=\u00a0\u00bbsidebar-1&Prime;][vc_column width=\u00a0\u00bb1\/3&Prime; css=\u00a0\u00bb.vc_custom_1534784755964{background-color: #243672 !important;}\u00a0\u00bb][mk_padding_divider size=\u00a0\u00bb60&Prime;][mk_fancy_title tag_name=\u00a0\u00bbh3&Prime; color=\u00a0\u00bb#ffffff\u00a0\u00bb size=\u00a0\u00bb30&Prime; margin_bottom=\u00a0\u00bb0&Prime; font_family=\u00a0\u00bbnone\u00a0\u00bb align=\u00a0\u00bbcenter\u00a0\u00bb]Marina di Loano[\/mk_fancy_title][mk_padding_divider size=\u00a0\u00bb20&Prime;][mk_fancy_title tag_name=\u00a0\u00bbspan\u00a0\u00bb color=\u00a0\u00bb#ffffff\u00a0\u00bb font_family=\u00a0\u00bbnone\u00a0\u00bb align=\u00a0\u00bbcenter\u00a0\u00bb]Lungomare Nazario Sauro 12\/1, &#8211; 17025 &#8211; Loano (SV) ITALIE<br \/>\nTel.: <a href=\"tel:+39019675445\">+39 019 675 445<\/a> &#8211; <a href=\"tel:+393666378372\">+39 366 6378 372<\/a> &#8211; Canale VHF 9<br \/>\nE-mail: info@marinadiloano.it<br \/>\nSite web: <a href=\"http:\/\/www.marinadiloano.it\/\" target=\"_blank\" rel=\"noopener noreferrer\">www.marinadiloano.it<\/a>[\/mk_fancy_title][mk_padding_divider size=\u00a0\u00bb60&Prime;][\/vc_column][vc_column width=\u00a0\u00bb2\/3&Prime;][\/vc_column][\/mk_page_section][vc_row][vc_column width=\u00a0\u00bb1\/3&Prime;][vc_empty_space height=\u00a0\u00bb80px\u00a0\u00bb][vc_column_text css=\u00a0\u00bb.vc_custom_1536631737351{margin-bottom: 0px !important;}\u00a0\u00bb]Sur la c\u00f4te ouest de la Ligurie, le port de plaisance Marina di Loano offre tous les services d\u2019une station de vill\u00e9giature et la possibilit\u00e9 de d\u00e9couvrir une atmosph\u00e8re maritime unique toute l\u2019ann\u00e9e.[\/vc_column_text][\/vc_column][vc_column width=\u00a0\u00bb2\/3&Prime;][vc_empty_space height=\u00a0\u00bb80px\u00a0\u00bb][vc_single_image image=\u00a0\u00bb5866&Prime; img_size=\u00a0\u00bbfull\u00a0\u00bb alignment=\u00a0\u00bbcenter\u00a0\u00bb][vc_row_inner][vc_column_inner width=\u00a0\u00bb1\/3&Prime;][mk_custom_list style=\u00a0\u00bbmk-icon-anchor\u00a0\u00bb margin_bottom=\u00a0\u00bb15&Prime; align=\u00a0\u00bbleft\u00a0\u00bb]\n<ul>\n<li><strong>Places d&rsquo;amarrage:<\/strong> 980<\/li>\n<li><strong>Longueur:<\/strong> Min 8 m \u2013 Max 82 m<\/li>\n<li><strong>Tirant d\u2019eau maximal:<\/strong> 5 m<\/li>\n<li><strong>Eau:<\/strong> Oui<\/li>\n<\/ul>\n[\/mk_custom_list][\/vc_column_inner][vc_column_inner width=\u00a0\u00bb1\/3&Prime;][mk_custom_list style=\u00a0\u00bbmk-icon-anchor\u00a0\u00bb margin_bottom=\u00a0\u00bb15&Prime; align=\u00a0\u00bbleft\u00a0\u00bb]\n<ul>\n<li><strong>Electricit\u00e9:<\/strong> Jusqu\u2019\u00e0 400 A<\/li>\n<li><strong>Parking:<\/strong> Oui<\/li>\n<li><strong>Wi-fi:<\/strong> Oui<\/li>\n<li><strong>Carburant:<\/strong> Oui<\/li>\n<\/ul>\n[\/mk_custom_list][\/vc_column_inner][vc_column_inner width=\u00a0\u00bb1\/3&Prime;][mk_custom_list style=\u00a0\u00bbmk-icon-anchor\u00a0\u00bb margin_bottom=\u00a0\u00bb15&Prime; align=\u00a0\u00bbleft\u00a0\u00bb]\n<ul>\n<li><strong>D\u00e9chetterie:<\/strong> Oui<\/li>\n<li><strong>Surveillance:<\/strong> Oui<\/li>\n<li><strong>Pr\u00e9visions m\u00e9t\u00e9o:<\/strong> Oui<\/li>\n<li><strong>Shipchandler:<\/strong> Oui<\/li>\n<\/ul>\n[\/mk_custom_list][\/vc_column_inner][\/vc_row_inner][\/vc_column][\/vc_row][vc_row][vc_column][vc_empty_space height=\u00a0\u00bb80px\u00a0\u00bb][\/vc_column][\/vc_row][mk_page_section bg_image=\u00a0\u00bbhttps:\/\/liguriaforyachting.com\/wp-content\/uploads\/2018\/09\/marina-genova-discover.jpg\u00a0\u00bb bg_image_portrait=\u00a0\u00bbhttps:\/\/liguriaforyachting.com\/wp-content\/uploads\/2018\/08\/marina-genova-vista.jpg\u00a0\u00bb attachment=\u00a0\u00bbfixed\u00a0\u00bb bg_position=\u00a0\u00bbcenter bottom\u00a0\u00bb bg_repeat=\u00a0\u00bbno-repeat\u00a0\u00bb bg_stretch=\u00a0\u00bbtrue\u00a0\u00bb min_height=\u00a0\u00bb450&Prime; full_width=\u00a0\u00bbtrue\u00a0\u00bb js_vertical_centered=\u00a0\u00bbtrue\u00a0\u00bb padding_top=\u00a0\u00bb0&Prime; padding_bottom=\u00a0\u00bb0&Prime; section_id=\u00a0\u00bbgenova\u00a0\u00bb sidebar=\u00a0\u00bbsidebar-1&Prime;][vc_column width=\u00a0\u00bb1\/3&Prime; css=\u00a0\u00bb.vc_custom_1534784755964{background-color: #243672 !important;}\u00a0\u00bb][mk_padding_divider size=\u00a0\u00bb60&Prime;][mk_fancy_title tag_name=\u00a0\u00bbh3&Prime; color=\u00a0\u00bb#ffffff\u00a0\u00bb size=\u00a0\u00bb30&Prime; margin_bottom=\u00a0\u00bb0&Prime; font_family=\u00a0\u00bbnone\u00a0\u00bb align=\u00a0\u00bbcenter\u00a0\u00bb]Marina Genova[\/mk_fancy_title][mk_padding_divider size=\u00a0\u00bb20&Prime;][mk_fancy_title tag_name=\u00a0\u00bbspan\u00a0\u00bb color=\u00a0\u00bb#ffffff\u00a0\u00bb font_family=\u00a0\u00bbnone\u00a0\u00bb align=\u00a0\u00bbcenter\u00a0\u00bb]Via Pionieri e Aviatori d\u2019Italia 203 &#8211; 16154 Genova ITALIE<br \/>\nTel.: <a href=\"tel:+390106143420\">+39 010 6143420<\/a> &#8211; Canale VHF 71<br \/>\nE-mail: hospitalitydesk@marinagenova.it<br \/>\nSite web: <a href=\"https:\/\/www.marinagenova.it\/it-it\/\" target=\"_blank\" rel=\"noopener noreferrer\">www.marinagenova.it<\/a>[\/mk_fancy_title][mk_padding_divider size=\u00a0\u00bb60&Prime;][\/vc_column][vc_column width=\u00a0\u00bb2\/3&Prime;][\/vc_column][\/mk_page_section][vc_row][vc_column width=\u00a0\u00bb1\/3&Prime;][vc_empty_space height=\u00a0\u00bb80px\u00a0\u00bb][vc_column_text css=\u00a0\u00bb.vc_custom_1536631812533{margin-bottom: 0px !important;}\u00a0\u00bb]Marina Genova est un des plus modernes des ports de plaisance situ\u00e9s au coeur de la M\u00e9diterran\u00e9e, il a \u00e9t\u00e9 r\u00e9cemment certifi\u00e9 MaRINA Excellence en s\u2019arrogeant les scores les plus \u00e9l\u00e9v\u00e9s et la certification 24 plus et 50 gold.[\/vc_column_text][\/vc_column][vc_column width=\u00a0\u00bb2\/3&Prime;][vc_empty_space height=\u00a0\u00bb80px\u00a0\u00bb][vc_single_image image=\u00a0\u00bb5866&Prime; img_size=\u00a0\u00bbfull\u00a0\u00bb alignment=\u00a0\u00bbcenter\u00a0\u00bb][vc_row_inner][vc_column_inner width=\u00a0\u00bb1\/3&Prime;][mk_custom_list style=\u00a0\u00bbmk-icon-anchor\u00a0\u00bb margin_bottom=\u00a0\u00bb15&Prime; align=\u00a0\u00bbleft\u00a0\u00bb]\n<ul>\n<li><strong>Places d&rsquo;amarrage:<\/strong> 500<\/li>\n<li><strong>Longueur:<\/strong> Min 8 m \u2013 Max 130 m<\/li>\n<li><strong>Tirant d\u2019eau maximal:<\/strong> 15 m<\/li>\n<li><strong>Eau:<\/strong> Oui<\/li>\n<\/ul>\n[\/mk_custom_list][\/vc_column_inner][vc_column_inner width=\u00a0\u00bb1\/3&Prime;][mk_custom_list style=\u00a0\u00bbmk-icon-anchor\u00a0\u00bb margin_bottom=\u00a0\u00bb15&Prime; align=\u00a0\u00bbleft\u00a0\u00bb]\n<ul>\n<li><strong>Electricit\u00e9:<\/strong> Jusqu\u2019\u00e0 600 A<\/li>\n<li><strong>Parking:<\/strong> Oui<\/li>\n<li><strong>Wi-fi:<\/strong> Oui<\/li>\n<li><strong>Carburant:<\/strong> Oui<\/li>\n<\/ul>\n[\/mk_custom_list][\/vc_column_inner][vc_column_inner width=\u00a0\u00bb1\/3&Prime;][mk_custom_list style=\u00a0\u00bbmk-icon-anchor\u00a0\u00bb margin_bottom=\u00a0\u00bb15&Prime; align=\u00a0\u00bbleft\u00a0\u00bb]\n<ul>\n<li><strong>D\u00e9chetterie:<\/strong> Oui<\/li>\n<li><strong>Surveillance:<\/strong> Oui<\/li>\n<li><strong>Pr\u00e9visions m\u00e9t\u00e9o:<\/strong> Oui<\/li>\n<li><strong>Shipchandler:<\/strong> Oui<\/li>\n<\/ul>\n[\/mk_custom_list][\/vc_column_inner][\/vc_row_inner][\/vc_column][\/vc_row][vc_row][vc_column][vc_empty_space height=\u00a0\u00bb80px\u00a0\u00bb][\/vc_column][\/vc_row][mk_page_section bg_image=\u00a0\u00bbhttps:\/\/liguriaforyachting.com\/wp-content\/uploads\/2018\/09\/marina-porto-antico-discover.jpg\u00a0\u00bb attachment=\u00a0\u00bbfixed\u00a0\u00bb bg_position=\u00a0\u00bbcenter bottom\u00a0\u00bb bg_repeat=\u00a0\u00bbno-repeat\u00a0\u00bb bg_stretch=\u00a0\u00bbtrue\u00a0\u00bb min_height=\u00a0\u00bb450&Prime; full_width=\u00a0\u00bbtrue\u00a0\u00bb js_vertical_centered=\u00a0\u00bbtrue\u00a0\u00bb padding_top=\u00a0\u00bb0&Prime; padding_bottom=\u00a0\u00bb0&Prime; section_id=\u00a0\u00bbporto-antico\u00a0\u00bb sidebar=\u00a0\u00bbsidebar-1&Prime;][vc_column width=\u00a0\u00bb1\/3&Prime; css=\u00a0\u00bb.vc_custom_1534784755964{background-color: #243672 !important;}\u00a0\u00bb][mk_padding_divider size=\u00a0\u00bb60&Prime;][mk_fancy_title tag_name=\u00a0\u00bbh3&Prime; color=\u00a0\u00bb#ffffff\u00a0\u00bb size=\u00a0\u00bb30&Prime; margin_bottom=\u00a0\u00bb0&Prime; font_family=\u00a0\u00bbnone\u00a0\u00bb align=\u00a0\u00bbcenter\u00a0\u00bb]Marina Porto Antico[\/mk_fancy_title][mk_padding_divider size=\u00a0\u00bb20&Prime;][mk_fancy_title tag_name=\u00a0\u00bbspan\u00a0\u00bb color=\u00a0\u00bb#ffffff\u00a0\u00bb font_family=\u00a0\u00bbnone\u00a0\u00bb align=\u00a0\u00bbcenter\u00a0\u00bb]Molo Ponte Morosini, 21 &#8211; 16126 Genova ITALIE<br \/>\nTel.: <a href=\"tel:+390102470039\">+39 010 2470039<\/a> &#8211; Canale VHF 74<br \/>\nE-mail: porto@marinaportoantico.it<br \/>\nSite web: <a href=\"http:\/\/www.marinaportoantico.it\/\" target=\"_blank\" rel=\"noopener noreferrer\">www.marinaportoantico.it<\/a>[\/mk_fancy_title][mk_padding_divider size=\u00a0\u00bb60&Prime;][\/vc_column][vc_column width=\u00a0\u00bb2\/3&Prime;][\/vc_column][\/mk_page_section][vc_row][vc_column width=\u00a0\u00bb1\/3&Prime;][vc_empty_space height=\u00a0\u00bb80px\u00a0\u00bb][vc_column_text css=\u00a0\u00bb.vc_custom_1536632196292{margin-bottom: 0px !important;}\u00a0\u00bb]Le port de plaisance de Marina Porto Antico est un petit port id\u00e9al tant pour une br\u00e8ve halte de passage que pour des plaisanciers \u00e0 la recherche d\u2019un port s\u00fbr o\u00f9 amarrer le bateau toute l\u2019ann\u00e9e. Sa position extr\u00eamement prot\u00e9g\u00e9e \u00e0 l\u2019int\u00e9rieur du Port de G\u00eanes le rend un des petits ports de plaisance les plus s\u00fbrs et d\u2019avant garde de la Ligurie.[\/vc_column_text][\/vc_column][vc_column width=\u00a0\u00bb2\/3&Prime;][vc_empty_space height=\u00a0\u00bb80px\u00a0\u00bb][vc_single_image image=\u00a0\u00bb5866&Prime; img_size=\u00a0\u00bbfull\u00a0\u00bb alignment=\u00a0\u00bbcenter\u00a0\u00bb][vc_row_inner][vc_column_inner width=\u00a0\u00bb1\/3&Prime;][mk_custom_list style=\u00a0\u00bbmk-icon-anchor\u00a0\u00bb margin_bottom=\u00a0\u00bb15&Prime; align=\u00a0\u00bbleft\u00a0\u00bb]\n<ul>\n<li><strong>Places d&rsquo;amarrage:<\/strong> 270<\/li>\n<li><strong>Longueur:<\/strong> Min 10 m \u2013 Max 75 m<\/li>\n<li><strong>Tirant d\u2019eau maximal:<\/strong> 7 m<\/li>\n<li><strong>Eau:<\/strong> Oui<\/li>\n<\/ul>\n[\/mk_custom_list][\/vc_column_inner][vc_column_inner width=\u00a0\u00bb1\/3&Prime;][mk_custom_list style=\u00a0\u00bbmk-icon-anchor\u00a0\u00bb margin_bottom=\u00a0\u00bb15&Prime; align=\u00a0\u00bbleft\u00a0\u00bb]\n<ul>\n<li><strong>Electricit\u00e9:<\/strong> Jusqu\u2019\u00e0 400 A<\/li>\n<li><strong>Parking:<\/strong> Oui<\/li>\n<li><strong>Wi-fi:<\/strong> Oui<\/li>\n<li><strong>Carburant:<\/strong> Oui<\/li>\n<\/ul>\n[\/mk_custom_list][\/vc_column_inner][vc_column_inner width=\u00a0\u00bb1\/3&Prime;][mk_custom_list style=\u00a0\u00bbmk-icon-anchor\u00a0\u00bb margin_bottom=\u00a0\u00bb15&Prime; align=\u00a0\u00bbleft\u00a0\u00bb]\n<ul>\n<li><strong>D\u00e9chetterie: <\/strong>collecte des d\u00e9chets urbains et sp\u00e9ciaux<\/li>\n<li><strong>Surveillance:<\/strong> Vigilance nocturne et vid\u00e9osurveillance<\/li>\n<li><strong>Pr\u00e9visions m\u00e9t\u00e9o:<\/strong> 24h sur 24<\/li>\n<li><strong>Shipchandler:<\/strong> Oui<\/li>\n<\/ul>\n[\/mk_custom_list][\/vc_column_inner][\/vc_row_inner][\/vc_column][\/vc_row][vc_row][vc_column][vc_empty_space height=\u00a0\u00bb80px\u00a0\u00bb][\/vc_column][\/vc_row][mk_page_section bg_image=\u00a0\u00bbhttps:\/\/liguriaforyachting.com\/wp-content\/uploads\/2018\/09\/marina-molo-vecchio-discover.jpg\u00a0\u00bb attachment=\u00a0\u00bbfixed\u00a0\u00bb bg_position=\u00a0\u00bbcenter bottom\u00a0\u00bb bg_repeat=\u00a0\u00bbno-repeat\u00a0\u00bb bg_stretch=\u00a0\u00bbtrue\u00a0\u00bb min_height=\u00a0\u00bb450&Prime; full_width=\u00a0\u00bbtrue\u00a0\u00bb js_vertical_centered=\u00a0\u00bbtrue\u00a0\u00bb padding_top=\u00a0\u00bb0&Prime; padding_bottom=\u00a0\u00bb0&Prime; section_id=\u00a0\u00bbmmv\u00a0\u00bb sidebar=\u00a0\u00bbsidebar-1&Prime;][vc_column width=\u00a0\u00bb1\/3&Prime; css=\u00a0\u00bb.vc_custom_1534784755964{background-color: #243672 !important;}\u00a0\u00bb][mk_padding_divider size=\u00a0\u00bb60&Prime;][mk_fancy_title tag_name=\u00a0\u00bbh3&Prime; color=\u00a0\u00bb#ffffff\u00a0\u00bb size=\u00a0\u00bb30&Prime; margin_bottom=\u00a0\u00bb0&Prime; font_family=\u00a0\u00bbnone\u00a0\u00bb align=\u00a0\u00bbcenter\u00a0\u00bb]Marina Molo Vecchio[\/mk_fancy_title][mk_padding_divider size=\u00a0\u00bb20&Prime;][mk_fancy_title tag_name=\u00a0\u00bbspan\u00a0\u00bb color=\u00a0\u00bb#ffffff\u00a0\u00bb font_family=\u00a0\u00bbnone\u00a0\u00bb align=\u00a0\u00bbcenter\u00a0\u00bb]Calata Molo Vecchio, Mod. 3 &#8211; 16128 Genova, ITALIE<br \/>\nTel.: <a href=\"tel:+3901027011\">+39 010 27011<\/a> &#8211; Canale VHF 71<br \/>\nE-mail: mmv@mmv.it<br \/>\nSite web: <a href=\"http:\/\/www.mmv.it\/\" target=\"_blank\" rel=\"noopener noreferrer\">www.mmv.it<\/a>[\/mk_fancy_title][mk_padding_divider size=\u00a0\u00bb60&Prime;][\/vc_column][vc_column width=\u00a0\u00bb2\/3&Prime;][\/vc_column][\/mk_page_section][vc_row][vc_column width=\u00a0\u00bb1\/3&Prime;][vc_empty_space height=\u00a0\u00bb80px\u00a0\u00bb][vc_column_text css=\u00a0\u00bb.vc_custom_1536632583811{margin-bottom: 0px !important;}\u00a0\u00bb]Le port de plaisance Marina Molo Vecchio est situ\u00e9 dans le centre historique de G\u00eanes. La position de la marina, particuli\u00e8rement prot\u00e9g\u00e9e, en fait un refuge s\u00fbr en toute saison, aussi bien pour de courts s\u00e9jours que pour des mouillages \u00e0 long terme.[\/vc_column_text][\/vc_column][vc_column width=\u00a0\u00bb2\/3&Prime;][vc_empty_space height=\u00a0\u00bb80px\u00a0\u00bb][vc_single_image image=\u00a0\u00bb5866&Prime; img_size=\u00a0\u00bbfull\u00a0\u00bb alignment=\u00a0\u00bbcenter\u00a0\u00bb][vc_row_inner][vc_column_inner width=\u00a0\u00bb1\/3&Prime;][mk_custom_list style=\u00a0\u00bbmk-icon-anchor\u00a0\u00bb margin_bottom=\u00a0\u00bb15&Prime; align=\u00a0\u00bbleft\u00a0\u00bb]\n<ul>\n<li><strong>Places d&rsquo;amarrage:<\/strong> 160<\/li>\n<li><strong>Longueur:<\/strong> Min 5 m \u2013 Max 150 m<\/li>\n<li><strong>Tirant d\u2019eau maximal:<\/strong> 6 &#8211; 9 m<\/li>\n<li><strong>Eau:<\/strong> Oui<\/li>\n<\/ul>\n[\/mk_custom_list][\/vc_column_inner][vc_column_inner width=\u00a0\u00bb1\/3&Prime;][mk_custom_list style=\u00a0\u00bbmk-icon-anchor\u00a0\u00bb margin_bottom=\u00a0\u00bb15&Prime; align=\u00a0\u00bbleft\u00a0\u00bb]\n<ul>\n<li><strong>Electricit\u00e9:<\/strong> 50 Herz, 220\/380V, 16 &#8211; 600 A<\/li>\n<li><strong>Parking: <\/strong>Gratuit pour bateaux\u00a0 \u00e0 partir de 10 m et plus<\/li>\n<li><strong>Wi-fi:<\/strong> Oui<\/li>\n<li><strong>Carburant: <\/strong>A cot\u00e9 du port de plaisance<\/li>\n<\/ul>\n[\/mk_custom_list][\/vc_column_inner][vc_column_inner width=\u00a0\u00bb1\/3&Prime;][mk_custom_list style=\u00a0\u00bbmk-icon-anchor\u00a0\u00bb margin_bottom=\u00a0\u00bb15&Prime; align=\u00a0\u00bbleft\u00a0\u00bb]\n<ul>\n<li><strong>D\u00e9chetterie:<\/strong> Oui<\/li>\n<li><strong>Surveillance:<\/strong> Oui<\/li>\n<li><strong>Pr\u00e9visions m\u00e9t\u00e9o:<\/strong> Oui<\/li>\n<li><strong>Shipchandler:<\/strong> Oui<\/li>\n<\/ul>\n[\/mk_custom_list][\/vc_column_inner][\/vc_row_inner][\/vc_column][\/vc_row][vc_row][vc_column][vc_empty_space height=\u00a0\u00bb80px\u00a0\u00bb][\/vc_column][\/vc_row][mk_page_section bg_image=\u00a0\u00bbhttps:\/\/liguriaforyachting.com\/wp-content\/uploads\/2018\/09\/porto-lotti-discover.jpg\u00a0\u00bb attachment=\u00a0\u00bbfixed\u00a0\u00bb bg_position=\u00a0\u00bbcenter bottom\u00a0\u00bb bg_repeat=\u00a0\u00bbno-repeat\u00a0\u00bb bg_stretch=\u00a0\u00bbtrue\u00a0\u00bb min_height=\u00a0\u00bb450&Prime; full_width=\u00a0\u00bbtrue\u00a0\u00bb js_vertical_centered=\u00a0\u00bbtrue\u00a0\u00bb padding_top=\u00a0\u00bb0&Prime; padding_bottom=\u00a0\u00bb0&Prime; section_id=\u00a0\u00bblotti\u00a0\u00bb sidebar=\u00a0\u00bbsidebar-1&Prime;][vc_column width=\u00a0\u00bb1\/3&Prime; css=\u00a0\u00bb.vc_custom_1534784755964{background-color: #243672 !important;}\u00a0\u00bb][mk_padding_divider size=\u00a0\u00bb60&Prime;][mk_fancy_title tag_name=\u00a0\u00bbh3&Prime; color=\u00a0\u00bb#ffffff\u00a0\u00bb size=\u00a0\u00bb30&Prime; margin_bottom=\u00a0\u00bb0&Prime; font_family=\u00a0\u00bbnone\u00a0\u00bb align=\u00a0\u00bbcenter\u00a0\u00bb]Porto Lotti[\/mk_fancy_title][mk_padding_divider size=\u00a0\u00bb20&Prime;][mk_fancy_title tag_name=\u00a0\u00bbspan\u00a0\u00bb color=\u00a0\u00bb#ffffff\u00a0\u00bb font_family=\u00a0\u00bbnone\u00a0\u00bb align=\u00a0\u00bbcenter\u00a0\u00bb]Viale San Bartolomeo, 394 &#8211; 19126 La Spezia, ITALIE<br \/>\nTel.: <a href=\"tel:+390187532200\">+39 0187 532200<\/a> &#8211; Canale VHF 9<br \/>\nE-mail: ufficioporto@portolotti.it<br \/>\nSite web: <a href=\"https:\/\/www.portolotti.it\/it\/40\/Default.aspx\" target=\"_blank\" rel=\"noopener noreferrer\">www.portolotti.it<\/a>[\/mk_fancy_title][mk_padding_divider size=\u00a0\u00bb60&Prime;][\/vc_column][vc_column width=\u00a0\u00bb2\/3&Prime;][\/vc_column][\/mk_page_section][vc_row][vc_column width=\u00a0\u00bb1\/3&Prime;][vc_empty_space height=\u00a0\u00bb80px\u00a0\u00bb][vc_column_text css=\u00a0\u00bb.vc_custom_1536632901933{margin-bottom: 0px !important;}\u00a0\u00bb]A l&rsquo;int\u00e9rieur du magnifique Golfe des Po\u00e8tes, dans le golfe de La Spezia, en face de Portovenere et des \u00eeles de la Palmaria et de Tino, se trouve Porto Lotti, une \u00eele d&rsquo;un style fin et soign\u00e9 qui offre une gamme vari\u00e9e de services con\u00e7us pour r\u00e9pondre \u00e0 tous les besoins et d\u00e9sirs.[\/vc_column_text][\/vc_column][vc_column width=\u00a0\u00bb2\/3&Prime;][vc_empty_space height=\u00a0\u00bb80px\u00a0\u00bb][vc_single_image image=\u00a0\u00bb5866&Prime; img_size=\u00a0\u00bbfull\u00a0\u00bb alignment=\u00a0\u00bbcenter\u00a0\u00bb][vc_row_inner][vc_column_inner width=\u00a0\u00bb1\/3&Prime;][mk_custom_list style=\u00a0\u00bbmk-icon-anchor\u00a0\u00bb margin_bottom=\u00a0\u00bb15&Prime; align=\u00a0\u00bbleft\u00a0\u00bb]\n<ul>\n<li><strong>Places d&rsquo;amarrage:<\/strong> 500<\/li>\n<li><strong>Longueur:<\/strong> Min 12 m \u2013 Max 100 m<\/li>\n<li><strong>Tirant d\u2019eau maximal:<\/strong> 9 m<\/li>\n<li><strong>Eau:<\/strong> Oui<\/li>\n<\/ul>\n[\/mk_custom_list][\/vc_column_inner][vc_column_inner width=\u00a0\u00bb1\/3&Prime;][mk_custom_list style=\u00a0\u00bbmk-icon-anchor\u00a0\u00bb margin_bottom=\u00a0\u00bb15&Prime; align=\u00a0\u00bbleft\u00a0\u00bb]\n<ul>\n<li><strong>Electricit\u00e9:<\/strong> 50 Herz, 220\/380V, 16 &#8211; 600 A<\/li>\n<li><strong>Parking:<\/strong> Oui<\/li>\n<li><strong>Wi-fi:<\/strong> Oui<\/li>\n<li><strong>Carburant:<\/strong> Oui<\/li>\n<\/ul>\n[\/mk_custom_list][\/vc_column_inner][vc_column_inner width=\u00a0\u00bb1\/3&Prime;][mk_custom_list style=\u00a0\u00bbmk-icon-anchor\u00a0\u00bb margin_bottom=\u00a0\u00bb15&Prime; align=\u00a0\u00bbleft\u00a0\u00bb]\n<ul>\n<li><strong>D\u00e9chetterie:<\/strong> Oui. Collecte par tri s\u00e9lectif des d\u00e9chets<\/li>\n<li><strong>Surveillance:<\/strong> Oui<\/li>\n<li><strong>Pr\u00e9visions m\u00e9t\u00e9o:<\/strong> Oui<\/li>\n<li><strong>Shipchandler:<\/strong> Oui<\/li>\n<\/ul>\n[\/mk_custom_list][\/vc_column_inner][\/vc_row_inner][\/vc_column][\/vc_row][vc_row][vc_column][vc_empty_space height=\u00a0\u00bb80px\u00a0\u00bb][\/vc_column][\/vc_row]\n","protected":false},"excerpt":{"rendered":"<p>[mk_page_section vertical_align=\u00a0\u00bbbottom\u00a0\u00bb bg_image=\u00a0\u00bbhttps:\/\/liguriaforyachting.com\/wp-content\/uploads\/2018\/07\/yacht_ormeggi.jpg\u00a0\u00bb attachment=\u00a0\u00bbfixed\u00a0\u00bb bg_position=\u00a0\u00bbcenter top\u00a0\u00bb bg_repeat=\u00a0\u00bbno-repeat\u00a0\u00bb bg_stretch=\u00a0\u00bbtrue\u00a0\u00bb enable_3d=\u00a0\u00bbtrue\u00a0\u00bb video_color_mask=\u00a0\u00bbrgba(0,0,0,0.3)\u00a0\u00bb video_opacity=\u00a0\u00bb0.3&Prime; min_height=\u00a0\u00bb600&Prime; full_width=\u00a0\u00bbtrue\u00a0\u00bb js_vertical_centered=\u00a0\u00bbtrue\u00a0\u00bb padding_top=\u00a0\u00bb0&Prime; padding_bottom=\u00a0\u00bb0&Prime; sidebar=\u00a0\u00bbsidebar-1&Prime;][vc_column][mk_page_title_box page_title=\u00a0\u00bbNos ports de plaisance\u00a0\u00bb text_align=\u00a0\u00bbleft\u00a0\u00bb title_letter_spacing=\u00a0\u00bb0&Prime; font_color=\u00a0\u00bb#ffffff\u00a0\u00bb font_weight=\u00a0\u00bb600&Prime; underline=\u00a0\u00bbfalse\u00a0\u00bb][\/vc_column][\/mk_page_section][vc_row][vc_column width=\u00a0\u00bb1\/2&Prime;][vc_empty_space height=\u00a0\u00bb50px\u00a0\u00bb][mk_fancy_title size=\u00a0\u00bb40&Prime; font_family=\u00a0\u00bbnone\u00a0\u00bb]Bienvenue en Ligurie[\/mk_fancy_title][vc_column_text css=\u00a0\u00bb.vc_custom_1536630886713{margin-bottom: 0px !important;}\u00a0\u00bb]Liguria For Yachting est le nouveau r\u00e9seau qui regroupe certains des ports de plaisance les plus importants de notre r\u00e9gion : [&hellip;]<\/p>\n","protected":false},"author":1,"featured_media":0,"parent":0,"menu_order":0,"comment_status":"closed","ping_status":"closed","template":"","meta":[],"_links":{"self":[{"href":"https:\/\/liguriaforyachting.com\/fr\/wp-json\/wp\/v2\/pages\/5783"}],"collection":[{"href":"https:\/\/liguriaforyachting.com\/fr\/wp-json\/wp\/v2\/pages"}],"about":[{"href":"https:\/\/liguriaforyachting.com\/fr\/wp-json\/wp\/v2\/types\/page"}],"author":[{"embeddable":true,"href":"https:\/\/liguriaforyachting.com\/fr\/wp-json\/wp\/v2\/users\/1"}],"replies":[{"embeddable":true,"href":"https:\/\/liguriaforyachting.com\/fr\/wp-json\/wp\/v2\/comments?post=5783"}],"version-history":[{"count":1,"href":"https:\/\/liguriaforyachting.com\/fr\/wp-json\/wp\/v2\/pages\/5783\/revisions"}],"predecessor-version":[{"id":5978,"href":"https:\/\/liguriaforyachting.com\/fr\/wp-json\/wp\/v2\/pages\/5783\/revisions\/5978"}],"wp:attachment":[{"href":"https:\/\/liguriaforyachting.com\/fr\/wp-json\/wp\/v2\/media?parent=5783"}],"curies":[{"name":"wp","href":"https:\/\/api.w.org\/{rel}","templated":true}]}}