{"id":5794,"date":"2018-09-11T00:57:11","date_gmt":"2018-09-10T23:57:11","guid":{"rendered":"https:\/\/liguriaforyachting.com\/?page_id=5794"},"modified":"2018-09-28T17:19:45","modified_gmt":"2018-09-28T16:19:45","slug":"region","status":"publish","type":"page","link":"https:\/\/liguriaforyachting.com\/fr\/region\/","title":{"rendered":"Une R\u00e9gion \u00e0 d\u00e9covrir"},"content":{"rendered":"[mk_page_section bg_image=\u00a0\u00bbhttps:\/\/liguriaforyachting.com\/wp-content\/uploads\/2018\/09\/porto-venere.jpg\u00a0\u00bb attachment=\u00a0\u00bbfixed\u00a0\u00bb bg_position=\u00a0\u00bbcenter center\u00a0\u00bb bg_repeat=\u00a0\u00bbno-repeat\u00a0\u00bb bg_stretch=\u00a0\u00bbtrue\u00a0\u00bb video_color_mask=\u00a0\u00bbrgba(0,0,0,0.2)\u00a0\u00bb min_height=\u00a0\u00bb0&Prime; full_width=\u00a0\u00bbtrue\u00a0\u00bb full_height=\u00a0\u00bbtrue\u00a0\u00bb padding_top=\u00a0\u00bb0&Prime; padding_bottom=\u00a0\u00bb0&Prime; skip_arrow=\u00a0\u00bbtrue\u00a0\u00bb sidebar=\u00a0\u00bbsidebar-1&Prime;][vc_column][vc_empty_space height=\u00a0\u00bb210px\u00a0\u00bb][mk_page_title_box page_title=\u00a0\u00bbUne r\u00e9gion \u00e0 embrasser\u00a0\u00bb page_subtitle=\u00a0\u00bbUne longue histoire de la mer,un arri\u00e8re-pays tout \u00e0 d\u00e9couvriret une position strat\u00e9gique au c\u0153ur de la M\u00e9diterran\u00e9e\u00a0\u00bb text_align=\u00a0\u00bbright\u00a0\u00bb font_size=\u00a0\u00bb46&Prime; title_letter_spacing=\u00a0\u00bb1&Prime; font_color=\u00a0\u00bb#ffffff\u00a0\u00bb font_weight=\u00a0\u00bb600&Prime; underline=\u00a0\u00bbfalse\u00a0\u00bb sub_font_size=\u00a0\u00bb28&Prime; sub_font_color=\u00a0\u00bb#ffffff\u00a0\u00bb sub_font_weight=\u00a0\u00bb600&Prime;][vc_empty_space height=\u00a0\u00bb140px\u00a0\u00bb][\/vc_column][\/mk_page_section][mk_page_section bg_image=\u00a0\u00bbhttps:\/\/liguriaforyachting.com\/wp-content\/uploads\/2018\/09\/monterroso-selection-.jpg\u00a0\u00bb bg_color=\u00a0\u00bb#243672&Prime; border_color=\u00a0\u00bb#243672&Prime; attachment=\u00a0\u00bbfixed\u00a0\u00bb bg_position=\u00a0\u00bbcenter center\u00a0\u00bb bg_repeat=\u00a0\u00bbno-repeat\u00a0\u00bb bg_stretch=\u00a0\u00bbtrue\u00a0\u00bb enable_3d=\u00a0\u00bbtrue\u00a0\u00bb video_color_mask=\u00a0\u00bbrgba(0,0,0,0.2)\u00a0\u00bb min_height=\u00a0\u00bb0&Prime; full_width=\u00a0\u00bbtrue\u00a0\u00bb full_height=\u00a0\u00bbtrue\u00a0\u00bb padding_top=\u00a0\u00bb0&Prime; padding_bottom=\u00a0\u00bb0&Prime; skip_arrow=\u00a0\u00bbtrue\u00a0\u00bb animation=\u00a0\u00bbbottom-to-top\u00a0\u00bb sidebar=\u00a0\u00bbsidebar-1&Prime;][vc_column width=\u00a0\u00bb5\/12&Prime; css=\u00a0\u00bb.vc_custom_1536340420376{background-color: rgba(0,0,0,0.4) !important;*background-color: rgb(0,0,0) !important;}\u00a0\u00bb][mk_fancy_title tag_name=\u00a0\u00bbh3&Prime; color=\u00a0\u00bb#ffffff\u00a0\u00bb size=\u00a0\u00bb24&Prime; font_weight=\u00a0\u00bb600&Prime; margin_top=\u00a0\u00bb40&Prime; margin_bottom=\u00a0\u00bb40&Prime; font_family=\u00a0\u00bbnone\u00a0\u00bb]La Ligurie est une \u00e9troite bande de terre entre mer et montagnes qui surprend toujours \u00e0 chaque visite du fait de ses sc\u00e9narios panoramiques aussi diff\u00e9rents qu&rsquo;inattendus.[\/mk_fancy_title][\/vc_column][vc_column width=\u00a0\u00bb7\/12&Prime;][\/vc_column][\/mk_page_section][mk_page_section bg_image=\u00a0\u00bbhttps:\/\/liguriaforyachting.com\/wp-content\/uploads\/2018\/09\/sea_background.jpg\u00a0\u00bb bg_color=\u00a0\u00bb#243672&Prime; bg_repeat=\u00a0\u00bbno-repeat\u00a0\u00bb bg_stretch=\u00a0\u00bbtrue\u00a0\u00bb enable_3d=\u00a0\u00bbtrue\u00a0\u00bb video_color_mask=\u00a0\u00bbrgba(0,0,0,0.25)\u00a0\u00bb full_width=\u00a0\u00bbtrue\u00a0\u00bb full_height=\u00a0\u00bbtrue\u00a0\u00bb animation=\u00a0\u00bbbottom-to-top\u00a0\u00bb sidebar=\u00a0\u00bbsidebar-1&Prime;][vc_column width=\u00a0\u00bb1\/6&Prime;][\/vc_column][vc_column width=\u00a0\u00bb2\/3&Prime;][vc_empty_space height=\u00a0\u00bb80px\u00a0\u00bb][mk_gallery images=\u00a0\u00bb5610,5611,5612,5613,5614,5615,5616,5617,5618,5619,5620,5621,5622,5623,5624&Prime; style=\u00a0\u00bbstyle1&Prime;][vc_empty_space height=\u00a0\u00bb80px\u00a0\u00bb][\/vc_column][vc_column width=\u00a0\u00bb1\/6&Prime;][\/vc_column][\/mk_page_section]\n","protected":false},"excerpt":{"rendered":"<p>[mk_page_section bg_image=\u00a0\u00bbhttps:\/\/liguriaforyachting.com\/wp-content\/uploads\/2018\/09\/porto-venere.jpg\u00a0\u00bb attachment=\u00a0\u00bbfixed\u00a0\u00bb bg_position=\u00a0\u00bbcenter center\u00a0\u00bb bg_repeat=\u00a0\u00bbno-repeat\u00a0\u00bb bg_stretch=\u00a0\u00bbtrue\u00a0\u00bb video_color_mask=\u00a0\u00bbrgba(0,0,0,0.2)\u00a0\u00bb min_height=\u00a0\u00bb0&Prime; full_width=\u00a0\u00bbtrue\u00a0\u00bb full_height=\u00a0\u00bbtrue\u00a0\u00bb padding_top=\u00a0\u00bb0&Prime; padding_bottom=\u00a0\u00bb0&Prime; skip_arrow=\u00a0\u00bbtrue\u00a0\u00bb sidebar=\u00a0\u00bbsidebar-1&Prime;][vc_column][vc_empty_space height=\u00a0\u00bb210px\u00a0\u00bb][mk_page_title_box page_title=\u00a0\u00bbUne r\u00e9gion \u00e0 embrasser\u00a0\u00bb page_subtitle=\u00a0\u00bbUne longue histoire de la mer,un arri\u00e8re-pays tout \u00e0 d\u00e9couvriret une position strat\u00e9gique au c\u0153ur de la M\u00e9diterran\u00e9e\u00a0\u00bb text_align=\u00a0\u00bbright\u00a0\u00bb font_size=\u00a0\u00bb46&Prime; title_letter_spacing=\u00a0\u00bb1&Prime; font_color=\u00a0\u00bb#ffffff\u00a0\u00bb font_weight=\u00a0\u00bb600&Prime; underline=\u00a0\u00bbfalse\u00a0\u00bb sub_font_size=\u00a0\u00bb28&Prime; sub_font_color=\u00a0\u00bb#ffffff\u00a0\u00bb sub_font_weight=\u00a0\u00bb600&Prime;][vc_empty_space height=\u00a0\u00bb140px\u00a0\u00bb][\/vc_column][\/mk_page_section][mk_page_section bg_image=\u00a0\u00bbhttps:\/\/liguriaforyachting.com\/wp-content\/uploads\/2018\/09\/monterroso-selection-.jpg\u00a0\u00bb bg_color=\u00a0\u00bb#243672&Prime; border_color=\u00a0\u00bb#243672&Prime; attachment=\u00a0\u00bbfixed\u00a0\u00bb bg_position=\u00a0\u00bbcenter center\u00a0\u00bb bg_repeat=\u00a0\u00bbno-repeat\u00a0\u00bb [&hellip;]<\/p>\n","protected":false},"author":1,"featured_media":0,"parent":0,"menu_order":0,"comment_status":"closed","ping_status":"closed","template":"","meta":[],"_links":{"self":[{"href":"https:\/\/liguriaforyachting.com\/fr\/wp-json\/wp\/v2\/pages\/5794"}],"collection":[{"href":"https:\/\/liguriaforyachting.com\/fr\/wp-json\/wp\/v2\/pages"}],"about":[{"href":"https:\/\/liguriaforyachting.com\/fr\/wp-json\/wp\/v2\/types\/page"}],"author":[{"embeddable":true,"href":"https:\/\/liguriaforyachting.com\/fr\/wp-json\/wp\/v2\/users\/1"}],"replies":[{"embeddable":true,"href":"https:\/\/liguriaforyachting.com\/fr\/wp-json\/wp\/v2\/comments?post=5794"}],"version-history":[{"count":0,"href":"https:\/\/liguriaforyachting.com\/fr\/wp-json\/wp\/v2\/pages\/5794\/revisions"}],"wp:attachment":[{"href":"https:\/\/liguriaforyachting.com\/fr\/wp-json\/wp\/v2\/media?parent=5794"}],"curies":[{"name":"wp","href":"https:\/\/api.w.org\/{rel}","templated":true}]}}